{"id":2283,"date":"2026-02-16T18:17:36","date_gmt":"2026-02-16T18:17:36","guid":{"rendered":"https:\/\/petidea.pl\/?post_type=product&#038;p=2283"},"modified":"2026-03-20T11:30:57","modified_gmt":"2026-03-20T11:30:57","slug":"cat-clicker-class-ccc","status":"publish","type":"product","link":"https:\/\/petidea.pl\/en\/product\/cat-clicker-class-ccc\/","title":{"rendered":"Cat Clicker Class &#8211; CCC"},"content":{"rendered":"<h3>Kurs tylko dla naszych absolwent\u00f3w.<\/h3>\n<p>Dyplom na podstawie zaliczenia.<\/p>\n<p>ok. 15 godzin teorii<\/p>\n<p>2 dni praktyki<\/p>\n<h4><strong>Modu\u0142 1. Fundamenty pracy klikerowej (29.03.2026 godzina 10:00)<\/strong><\/h4>\n<p>Cel: ujednolicenie rozumienia klikera jako narz\u0119dzia terapeutycznego, nie tylko treningowego.<\/p>\n<ul>\n<li>Czym kliker jest, a czym nie jest w pracy behawioralnej<\/li>\n<li>Mechanizmy uczenia i wzmocnienia wykorzystywane w pracy klikerowej<\/li>\n<li>Najcz\u0119stsze b\u0142\u0119dy koncepcyjne i ich konsekwencje terapeutyczne<\/li>\n<li>\u0141\u0105czenie klikera z:\n<ul>\n<li>odwra\u017cliwianiem<\/li>\n<li>przeciwwarunkowaniem<\/li>\n<\/ul>\n<\/li>\n<li>Praca z opiekunem:\n<ul>\n<li>jak t\u0142umaczy\u0107 sens oraz przebieg \u0107wicze\u0144<\/li>\n<li>jak monitorowa\u0107 post\u0119py<\/li>\n<li>jak reagowa\u0107 na b\u0142\u0119dy<\/li>\n<\/ul>\n<\/li>\n<\/ul>\n<p>Karty pracy samodzielnej:<\/p>\n<p>Analiza nagra\u0144 \u2013 \u201eco naprawd\u0119 zosta\u0142o wzmocnione?&#8221;<\/p>\n<h4><strong>Modu\u0142 2. Trening zachowania &#8211; repertuar podstawowy (12.04.2026 godzina 10:00)<\/strong><\/h4>\n<p>Cel: zbudowanie funkcjonalnego repertuaru, kt\u00f3ry realnie wspiera terapi\u0119.<\/p>\n<ul>\n<li>Target jako narz\u0119dzie terapeutyczne<\/li>\n<li>Kocyk\/miejsce odpoczynku<\/li>\n<li>Odsy\u0142ka na miejsce<\/li>\n<li>OP dotyku<\/li>\n<li>\u201eStop&#8221;<\/li>\n<li>Budowanie zachowa\u0144 alternatywnych<\/li>\n<\/ul>\n<p>\u0106wiczenia praktyczne:<\/p>\n<ul>\n<li>rozpisanie kryteri\u00f3w dla poszczeg\u00f3lnych zachowa\u0144<\/li>\n<li>analiza nagra\u0144 \u2013 tempo, kryteria, timing<\/li>\n<li>korekta plan\u00f3w treningowych<\/li>\n<\/ul>\n<p>Karty pracy samodzielnej:<\/p>\n<p>Analiza nagra\u0144 sesji szkoleniowych. Feedback &#8211; jak da\u0107 i jak odbiera\u0107.<\/p>\n<h4><strong>Modu\u0142 3. Interwencje w zaburzeniach behawioralnych (26.04.2026 godzina 10:00)<\/strong><\/h4>\n<ul>\n<li>Zachowania l\u0119kowe<\/li>\n<li>Zachowania agresywne<\/li>\n<li>Zachowania kompulsywne<\/li>\n<li>Dokocenie\/\u0142\u0105czenie stada<\/li>\n<li>Trening medyczny<\/li>\n<li>Praca z trudnymi pacjentami i przypadki szczeg\u00f3lne <strong>\u2013<\/strong> \u201cthink out of the bag\u201d<\/li>\n<\/ul>\n<p>\u0106wiczenie:<\/p>\n<p>Analiza przypadk\u00f3w &#8211; opracowanie samodzielne<\/p>\n<h4><strong>Modu\u0142 4. Praktyka w schronisku &#8211; 2 dni (16-17 maja, godzina 10:00)<\/strong><\/h4>\n<p>Cel: integracja wiedzy i praca warsztatowa &#8211; Schronisko SOPOTKOWO, Jacka Malczewskiego 38 Sopot<\/p>\n<p>&nbsp;<\/p>\n<p>Zaj\u0119cia od godziny 10:00, szacowane na 5 godzin ka\u017cdego dnia:<\/p>\n<ul>\n<li><strong>Modu\u0142 1. March 29, 2026 Online<\/strong><\/li>\n<li><strong>Modu\u0142 2. April 12, 2026 Online<\/strong><\/li>\n<li><strong>Modu\u0142 3. April 26, 2026 Online<\/strong><\/li>\n<li><strong>Modu\u0142 4. May 16, 2026 Praktyczne (10:00-17:00)<\/strong><\/li>\n<li><strong>Modu\u0142 4. May 17, 2026 Praktyczne (10:00-17:00)<\/strong><\/li>\n<\/ul>\n<p>&nbsp;<\/p>\n<div>\n<p data-start=\"790\" data-end=\"865\">Kurs realizowany jest w ma\u0142ych grupach. Liczba miejsc jest ograniczona, a o udziale decyduje kolejno\u015b\u0107 zg\u0142osze\u0144 \u2013 rezerwacja miejsca nast\u0119puje poprzez wp\u0142at\u0119 zadatku w wysoko\u015bci 1000 z\u0142.<\/p>\n<p data-start=\"872\" data-end=\"1026\">W przypadku nieosi\u0105gni\u0119cia minimalnej liczby uczestnik\u00f3w Organizator zastrzega sobie prawo do zmiany terminu rozpocz\u0119cia kursu lub jego nieuruchomienia.<\/p>\n<p data-start=\"1033\" data-end=\"1226\">Organizator zastrzega sobie r\u00f3wnie\u017c prawo do wprowadzania zmian w harmonogramie wynikaj\u0105cych z przyczyn organizacyjnych lub merytorycznych, przy zachowaniu pe\u0142nego zakresu merytorycznego kursu.<\/p>\n<\/div>\n<p data-start=\"1033\" data-end=\"1226\">","protected":false},"excerpt":{"rendered":"<p>Kurs tylko dla naszych absolwent\u00f3w. Dyplom na podstawie zaliczenia. ok. 15 godzin teorii 2 dni praktyki Modu\u0142 1. Fundamenty pracy klikerowej (29.03.2026 godzina 10:00) Cel: ujednolicenie rozumienia klikera jako narz\u0119dzia terapeutycznego, nie tylko treningowego. Czym kliker jest, a czym nie jest w pracy behawioralnej Mechanizmy uczenia i wzmocnienia wykorzystywane w pracy klikerowej Najcz\u0119stsze b\u0142\u0119dy koncepcyjne [&hellip;]<\/p>","protected":false},"featured_media":1657,"template":"","meta":{"inline_featured_image":false,"_links_to":"","_links_to_target":""},"product_brand":[],"product_cat":[25],"product_tag":[],"class_list":{"0":"post-2283","1":"product","2":"type-product","3":"status-publish","4":"has-post-thumbnail","6":"product_cat-kursy-zaawansowane","8":"first","9":"outofstock","10":"sale","11":"virtual","12":"purchasable","13":"product-type-simple"},"yoast_head":"<!-- This site is optimized with the Yoast SEO plugin v26.6 - https:\/\/yoast.com\/wordpress\/plugins\/seo\/ -->\n<title>Cat Clicker Class - CCC - PetIdea<\/title>\n<meta name=\"robots\" content=\"index, follow, max-snippet:-1, max-image-preview:large, max-video-preview:-1\" \/>\n<link rel=\"canonical\" href=\"https:\/\/petidea.pl\/en\/product\/cat-clicker-class-ccc\/\" \/>\n<meta property=\"og:locale\" content=\"en_GB\" \/>\n<meta property=\"og:type\" content=\"article\" \/>\n<meta property=\"og:title\" content=\"Cat Clicker Class - CCC - PetIdea\" \/>\n<meta property=\"og:description\" content=\"Kurs tylko dla naszych absolwent\u00f3w. Dyplom na podstawie zaliczenia. ok. 15 godzin teorii 2 dni praktyki Modu\u0142 1. Fundamenty pracy klikerowej (29.03.2026 godzina 10:00) Cel: ujednolicenie rozumienia klikera jako narz\u0119dzia terapeutycznego, nie tylko treningowego. Czym kliker jest, a czym nie jest w pracy behawioralnej Mechanizmy uczenia i wzmocnienia wykorzystywane w pracy klikerowej Najcz\u0119stsze b\u0142\u0119dy koncepcyjne [&hellip;]\" \/>\n<meta property=\"og:url\" content=\"https:\/\/petidea.pl\/en\/product\/cat-clicker-class-ccc\/\" \/>\n<meta property=\"og:site_name\" content=\"PetIdea\" \/>\n<meta property=\"article:modified_time\" content=\"2026-03-20T11:30:57+00:00\" \/>\n<meta property=\"og:image\" content=\"https:\/\/petidea.pl\/wp-content\/uploads\/2024\/04\/Slajd5.jpeg\" \/>\n\t<meta property=\"og:image:width\" content=\"720\" \/>\n\t<meta property=\"og:image:height\" content=\"405\" \/>\n\t<meta property=\"og:image:type\" content=\"image\/jpeg\" \/>\n<meta name=\"twitter:card\" content=\"summary_large_image\" \/>\n<meta name=\"twitter:label1\" content=\"Estimated reading time\" \/>\n\t<meta name=\"twitter:data1\" content=\"3 minutes\" \/>\n<script type=\"application\/ld+json\" class=\"yoast-schema-graph\">{\"@context\":\"https:\/\/schema.org\",\"@graph\":[{\"@type\":\"WebPage\",\"@id\":\"https:\/\/petidea.pl\/produkt\/cat-clicker-class-ccc\/\",\"url\":\"https:\/\/petidea.pl\/produkt\/cat-clicker-class-ccc\/\",\"name\":\"Cat Clicker Class - CCC - PetIdea\",\"isPartOf\":{\"@id\":\"https:\/\/petidea.pl\/#website\"},\"primaryImageOfPage\":{\"@id\":\"https:\/\/petidea.pl\/produkt\/cat-clicker-class-ccc\/#primaryimage\"},\"image\":{\"@id\":\"https:\/\/petidea.pl\/produkt\/cat-clicker-class-ccc\/#primaryimage\"},\"thumbnailUrl\":\"https:\/\/petidea.pl\/wp-content\/uploads\/2024\/04\/Slajd5.jpeg\",\"datePublished\":\"2026-02-16T18:17:36+00:00\",\"dateModified\":\"2026-03-20T11:30:57+00:00\",\"breadcrumb\":{\"@id\":\"https:\/\/petidea.pl\/produkt\/cat-clicker-class-ccc\/#breadcrumb\"},\"inLanguage\":\"en-GB\",\"potentialAction\":[{\"@type\":\"ReadAction\",\"target\":[\"https:\/\/petidea.pl\/produkt\/cat-clicker-class-ccc\/\"]}]},{\"@type\":\"ImageObject\",\"inLanguage\":\"en-GB\",\"@id\":\"https:\/\/petidea.pl\/produkt\/cat-clicker-class-ccc\/#primaryimage\",\"url\":\"https:\/\/petidea.pl\/wp-content\/uploads\/2024\/04\/Slajd5.jpeg\",\"contentUrl\":\"https:\/\/petidea.pl\/wp-content\/uploads\/2024\/04\/Slajd5.jpeg\",\"width\":720,\"height\":405},{\"@type\":\"BreadcrumbList\",\"@id\":\"https:\/\/petidea.pl\/produkt\/cat-clicker-class-ccc\/#breadcrumb\",\"itemListElement\":[{\"@type\":\"ListItem\",\"position\":1,\"name\":\"Strona g\u0142\u00f3wna\",\"item\":\"https:\/\/petidea.pl\/\"},{\"@type\":\"ListItem\",\"position\":2,\"name\":\"Webinary i kursy\",\"item\":\"https:\/\/petidea.pl\/kursy\/\"},{\"@type\":\"ListItem\",\"position\":3,\"name\":\"Cat Clicker Class &#8211; CCC\"}]},{\"@type\":\"WebSite\",\"@id\":\"https:\/\/petidea.pl\/#website\",\"url\":\"https:\/\/petidea.pl\/\",\"name\":\"PetIdea\",\"description\":\"Medycyna behawioralna ps\u00f3w i kot\u00f3w\",\"publisher\":{\"@id\":\"https:\/\/petidea.pl\/#organization\"},\"potentialAction\":[{\"@type\":\"SearchAction\",\"target\":{\"@type\":\"EntryPoint\",\"urlTemplate\":\"https:\/\/petidea.pl\/?s={search_term_string}\"},\"query-input\":{\"@type\":\"PropertyValueSpecification\",\"valueRequired\":true,\"valueName\":\"search_term_string\"}}],\"inLanguage\":\"en-GB\"},{\"@type\":\"Organization\",\"@id\":\"https:\/\/petidea.pl\/#organization\",\"name\":\"PetIdea\",\"url\":\"https:\/\/petidea.pl\/\",\"logo\":{\"@type\":\"ImageObject\",\"inLanguage\":\"en-GB\",\"@id\":\"https:\/\/petidea.pl\/#\/schema\/logo\/image\/\",\"url\":\"https:\/\/petidea.pl\/wp-content\/uploads\/2021\/05\/Zasob-1.svg\",\"contentUrl\":\"https:\/\/petidea.pl\/wp-content\/uploads\/2021\/05\/Zasob-1.svg\",\"width\":4545,\"height\":1030,\"caption\":\"PetIdea\"},\"image\":{\"@id\":\"https:\/\/petidea.pl\/#\/schema\/logo\/image\/\"}}]}<\/script>\n<!-- \/ Yoast SEO plugin. -->","yoast_head_json":{"title":"Cat Clicker Class - CCC - PetIdea","robots":{"index":"index","follow":"follow","max-snippet":"max-snippet:-1","max-image-preview":"max-image-preview:large","max-video-preview":"max-video-preview:-1"},"canonical":"https:\/\/petidea.pl\/en\/product\/cat-clicker-class-ccc\/","og_locale":"en_GB","og_type":"article","og_title":"Cat Clicker Class - CCC - PetIdea","og_description":"Kurs tylko dla naszych absolwent\u00f3w. Dyplom na podstawie zaliczenia. ok. 15 godzin teorii 2 dni praktyki Modu\u0142 1. Fundamenty pracy klikerowej (29.03.2026 godzina 10:00) Cel: ujednolicenie rozumienia klikera jako narz\u0119dzia terapeutycznego, nie tylko treningowego. Czym kliker jest, a czym nie jest w pracy behawioralnej Mechanizmy uczenia i wzmocnienia wykorzystywane w pracy klikerowej Najcz\u0119stsze b\u0142\u0119dy koncepcyjne [&hellip;]","og_url":"https:\/\/petidea.pl\/en\/product\/cat-clicker-class-ccc\/","og_site_name":"PetIdea","article_modified_time":"2026-03-20T11:30:57+00:00","og_image":[{"width":720,"height":405,"url":"https:\/\/petidea.pl\/wp-content\/uploads\/2024\/04\/Slajd5.jpeg","type":"image\/jpeg"}],"twitter_card":"summary_large_image","twitter_misc":{"Estimated reading time":"3 minutes"},"schema":{"@context":"https:\/\/schema.org","@graph":[{"@type":"WebPage","@id":"https:\/\/petidea.pl\/produkt\/cat-clicker-class-ccc\/","url":"https:\/\/petidea.pl\/produkt\/cat-clicker-class-ccc\/","name":"Cat Clicker Class - CCC - PetIdea","isPartOf":{"@id":"https:\/\/petidea.pl\/#website"},"primaryImageOfPage":{"@id":"https:\/\/petidea.pl\/produkt\/cat-clicker-class-ccc\/#primaryimage"},"image":{"@id":"https:\/\/petidea.pl\/produkt\/cat-clicker-class-ccc\/#primaryimage"},"thumbnailUrl":"https:\/\/petidea.pl\/wp-content\/uploads\/2024\/04\/Slajd5.jpeg","datePublished":"2026-02-16T18:17:36+00:00","dateModified":"2026-03-20T11:30:57+00:00","breadcrumb":{"@id":"https:\/\/petidea.pl\/produkt\/cat-clicker-class-ccc\/#breadcrumb"},"inLanguage":"en-GB","potentialAction":[{"@type":"ReadAction","target":["https:\/\/petidea.pl\/produkt\/cat-clicker-class-ccc\/"]}]},{"@type":"ImageObject","inLanguage":"en-GB","@id":"https:\/\/petidea.pl\/produkt\/cat-clicker-class-ccc\/#primaryimage","url":"https:\/\/petidea.pl\/wp-content\/uploads\/2024\/04\/Slajd5.jpeg","contentUrl":"https:\/\/petidea.pl\/wp-content\/uploads\/2024\/04\/Slajd5.jpeg","width":720,"height":405},{"@type":"BreadcrumbList","@id":"https:\/\/petidea.pl\/produkt\/cat-clicker-class-ccc\/#breadcrumb","itemListElement":[{"@type":"ListItem","position":1,"name":"Strona g\u0142\u00f3wna","item":"https:\/\/petidea.pl\/"},{"@type":"ListItem","position":2,"name":"Webinary i kursy","item":"https:\/\/petidea.pl\/kursy\/"},{"@type":"ListItem","position":3,"name":"Cat Clicker Class &#8211; CCC"}]},{"@type":"WebSite","@id":"https:\/\/petidea.pl\/#website","url":"https:\/\/petidea.pl\/","name":"PetIdea","description":"Medycyna behawioralna ps\u00f3w i kot\u00f3w","publisher":{"@id":"https:\/\/petidea.pl\/#organization"},"potentialAction":[{"@type":"SearchAction","target":{"@type":"EntryPoint","urlTemplate":"https:\/\/petidea.pl\/?s={search_term_string}"},"query-input":{"@type":"PropertyValueSpecification","valueRequired":true,"valueName":"search_term_string"}}],"inLanguage":"en-GB"},{"@type":"Organization","@id":"https:\/\/petidea.pl\/#organization","name":"PetIdea","url":"https:\/\/petidea.pl\/","logo":{"@type":"ImageObject","inLanguage":"en-GB","@id":"https:\/\/petidea.pl\/#\/schema\/logo\/image\/","url":"https:\/\/petidea.pl\/wp-content\/uploads\/2021\/05\/Zasob-1.svg","contentUrl":"https:\/\/petidea.pl\/wp-content\/uploads\/2021\/05\/Zasob-1.svg","width":4545,"height":1030,"caption":"PetIdea"},"image":{"@id":"https:\/\/petidea.pl\/#\/schema\/logo\/image\/"}}]}},"_links":{"self":[{"href":"https:\/\/petidea.pl\/en\/wp-json\/wp\/v2\/product\/2283","targetHints":{"allow":["GET"]}}],"collection":[{"href":"https:\/\/petidea.pl\/en\/wp-json\/wp\/v2\/product"}],"about":[{"href":"https:\/\/petidea.pl\/en\/wp-json\/wp\/v2\/types\/product"}],"version-history":[{"count":7,"href":"https:\/\/petidea.pl\/en\/wp-json\/wp\/v2\/product\/2283\/revisions"}],"predecessor-version":[{"id":2290,"href":"https:\/\/petidea.pl\/en\/wp-json\/wp\/v2\/product\/2283\/revisions\/2290"}],"wp:featuredmedia":[{"embeddable":true,"href":"https:\/\/petidea.pl\/en\/wp-json\/wp\/v2\/media\/1657"}],"wp:attachment":[{"href":"https:\/\/petidea.pl\/en\/wp-json\/wp\/v2\/media?parent=2283"}],"wp:term":[{"taxonomy":"product_brand","embeddable":true,"href":"https:\/\/petidea.pl\/en\/wp-json\/wp\/v2\/product_brand?post=2283"},{"taxonomy":"product_cat","embeddable":true,"href":"https:\/\/petidea.pl\/en\/wp-json\/wp\/v2\/product_cat?post=2283"},{"taxonomy":"product_tag","embeddable":true,"href":"https:\/\/petidea.pl\/en\/wp-json\/wp\/v2\/product_tag?post=2283"}],"curies":[{"name":"wp","href":"https:\/\/api.w.org\/{rel}","templated":true}]}}