{"id":17,"date":"2019-07-22T21:28:31","date_gmt":"2019-07-22T21:28:31","guid":{"rendered":"https:\/\/petidea.pl\/?page_id=17"},"modified":"2023-06-19T13:34:27","modified_gmt":"2023-06-19T13:34:27","slug":"terapia-behawioralna-kotow","status":"publish","type":"page","link":"https:\/\/petidea.pl\/en\/terapia-behawioralna-kotow\/","title":{"rendered":"Terapia behawioralna kot\u00f3w"},"content":{"rendered":"<p><img fetchpriority=\"high\" decoding=\"async\" class=\"alignleft wp-image-1253\" src=\"https:\/\/petidea.pl\/wp-content\/uploads\/2023\/06\/Projekt-bez-nazwy-11.jpg\" alt=\"\" width=\"500\" height=\"375\" srcset=\"https:\/\/petidea.pl\/wp-content\/uploads\/2023\/06\/Projekt-bez-nazwy-11.jpg 800w, https:\/\/petidea.pl\/wp-content\/uploads\/2023\/06\/Projekt-bez-nazwy-11-600x450.jpg 600w, https:\/\/petidea.pl\/wp-content\/uploads\/2023\/06\/Projekt-bez-nazwy-11-300x225.jpg 300w, https:\/\/petidea.pl\/wp-content\/uploads\/2023\/06\/Projekt-bez-nazwy-11-768x576.jpg 768w, https:\/\/petidea.pl\/wp-content\/uploads\/2023\/06\/Projekt-bez-nazwy-11-195x146.jpg 195w, https:\/\/petidea.pl\/wp-content\/uploads\/2023\/06\/Projekt-bez-nazwy-11-50x38.jpg 50w, https:\/\/petidea.pl\/wp-content\/uploads\/2023\/06\/Projekt-bez-nazwy-11-100x75.jpg 100w\" sizes=\"(max-width: 500px) 100vw, 500px\" \/><\/p>\n<p>Konsultacja terapeutyczna otwiera przed nami okre\u015blon\u0105 \u015bcie\u017ck\u0119, w czasie kt\u00f3rej b\u0119dziemy wsp\u00f3lnie pokonywa\u0107 trudno\u015bci oraz cieszy\u0107 si\u0119 z sukces\u00f3w. Wymaga ona cierpliwo\u015bci<br \/>\ni czasu. Podczas tego procesu b\u0119dziemy s\u0142u\u017cy\u0107 Wam rad\u0105 i pomoc\u0105 w trakcie konsultacji kontynuacyjnych, a\u017c do osi\u0105gni\u0119cia satysfakcjonuj\u0105cych rezultat\u00f3w.<\/p>\n<p>Naszym celem nie jest tylko rozwi\u0105zanie bie\u017c\u0105cych problem\u00f3w zachowania, ale r\u00f3wnie\u017c zapewnienie narz\u0119dzi, kt\u00f3re pomog\u0105 w przysz\u0142o\u015bci zadba\u0107 o Wasz\u0105 relacj\u0119. Terapia behawioralna zapewnia opiekunom wiedz\u0119 i umiej\u0119tno\u015bci, aby lepiej zrozumie\u0107 potrzeby swojego kota.<\/p>\n<p>Konsultacje behawioralne przeznaczone s\u0105 dla opiekun\u00f3w kot\u00f3w, kt\u00f3re zmagaj\u0105 si\u0119 z zaburzeniami zachowania. Odbywaj\u0105 si\u0119 w ich domach, gdzie zwierz\u0119ta czuj\u0105 si\u0119 najbardziej komfortowo. W zwi\u0105zku z tym nie nara\u017camy ich na niepotrzebny stres.<\/p>\n<p>Podstaw\u0105 terapii behawioralnej kot\u00f3w jest dog\u0142\u0119bne zrozumienie przyczyn problematycznego zachowania oraz czynnik\u00f3w je wywo\u0142uj\u0105cych. Poprzez obserwacj\u0119 i analiz\u0119 kot\u00f3w, jeste\u015bmy w stanie zidentyfikowa\u0107 przyczyny tych zachowa\u0144 i opracowa\u0107 strategie terapeutyczne. Ka\u017cdy kot ma swoje indywidualne potrzeby, dlatego podczas konsultacji k\u0142adziemy du\u017cy nacisk na uwzgl\u0119dnienie kocich preferencji.<\/p>\n<p>&nbsp;<\/p>","protected":false},"excerpt":{"rendered":"<p>Konsultacja terapeutyczna otwiera przed nami okre\u015blon\u0105 \u015bcie\u017ck\u0119, w czasie kt\u00f3rej b\u0119dziemy wsp\u00f3lnie pokonywa\u0107 trudno\u015bci oraz cieszy\u0107 si\u0119 z sukces\u00f3w. Wymaga ona cierpliwo\u015bci i czasu. Podczas tego procesu b\u0119dziemy s\u0142u\u017cy\u0107 Wam rad\u0105 i pomoc\u0105 w trakcie konsultacji kontynuacyjnych, a\u017c do osi\u0105gni\u0119cia satysfakcjonuj\u0105cych rezultat\u00f3w. Naszym celem nie jest tylko rozwi\u0105zanie bie\u017c\u0105cych problem\u00f3w zachowania, ale r\u00f3wnie\u017c zapewnienie narz\u0119dzi, [&hellip;]<\/p>","protected":false},"author":1,"featured_media":0,"parent":0,"menu_order":0,"comment_status":"closed","ping_status":"closed","template":"","meta":{"inline_featured_image":false,"footnotes":"","_links_to":"","_links_to_target":""},"class_list":["post-17","page","type-page","status-publish","hentry"],"yoast_head":"<!-- This site is optimized with the Yoast SEO plugin v26.6 - https:\/\/yoast.com\/wordpress\/plugins\/seo\/ -->\n<title>Terapia behawioralna kot\u00f3w - PetIdea<\/title>\n<meta name=\"robots\" content=\"index, follow, max-snippet:-1, max-image-preview:large, max-video-preview:-1\" \/>\n<link rel=\"canonical\" href=\"https:\/\/petidea.pl\/en\/terapia-behawioralna-kotow\/\" \/>\n<meta property=\"og:locale\" content=\"en_GB\" \/>\n<meta property=\"og:type\" content=\"article\" \/>\n<meta property=\"og:title\" content=\"Terapia behawioralna kot\u00f3w - PetIdea\" \/>\n<meta property=\"og:description\" content=\"Konsultacja terapeutyczna otwiera przed nami okre\u015blon\u0105 \u015bcie\u017ck\u0119, w czasie kt\u00f3rej b\u0119dziemy wsp\u00f3lnie pokonywa\u0107 trudno\u015bci oraz cieszy\u0107 si\u0119 z sukces\u00f3w. Wymaga ona cierpliwo\u015bci i czasu. Podczas tego procesu b\u0119dziemy s\u0142u\u017cy\u0107 Wam rad\u0105 i pomoc\u0105 w trakcie konsultacji kontynuacyjnych, a\u017c do osi\u0105gni\u0119cia satysfakcjonuj\u0105cych rezultat\u00f3w. Naszym celem nie jest tylko rozwi\u0105zanie bie\u017c\u0105cych problem\u00f3w zachowania, ale r\u00f3wnie\u017c zapewnienie narz\u0119dzi, [&hellip;]\" \/>\n<meta property=\"og:url\" content=\"https:\/\/petidea.pl\/en\/terapia-behawioralna-kotow\/\" \/>\n<meta property=\"og:site_name\" content=\"PetIdea\" \/>\n<meta property=\"article:modified_time\" content=\"2023-06-19T13:34:27+00:00\" \/>\n<meta property=\"og:image\" content=\"https:\/\/petidea.pl\/wp-content\/uploads\/2023\/06\/Projekt-bez-nazwy-11.jpg\" \/>\n<meta name=\"twitter:card\" content=\"summary_large_image\" \/>\n<meta name=\"twitter:label1\" content=\"Estimated reading time\" \/>\n\t<meta name=\"twitter:data1\" content=\"2 minutes\" \/>\n<script type=\"application\/ld+json\" class=\"yoast-schema-graph\">{\"@context\":\"https:\/\/schema.org\",\"@graph\":[{\"@type\":\"WebPage\",\"@id\":\"https:\/\/petidea.pl\/terapia-behawioralna-kotow\/\",\"url\":\"https:\/\/petidea.pl\/terapia-behawioralna-kotow\/\",\"name\":\"Terapia behawioralna kot\u00f3w - PetIdea\",\"isPartOf\":{\"@id\":\"https:\/\/petidea.pl\/#website\"},\"primaryImageOfPage\":{\"@id\":\"https:\/\/petidea.pl\/terapia-behawioralna-kotow\/#primaryimage\"},\"image\":{\"@id\":\"https:\/\/petidea.pl\/terapia-behawioralna-kotow\/#primaryimage\"},\"thumbnailUrl\":\"https:\/\/petidea.pl\/wp-content\/uploads\/2023\/06\/Projekt-bez-nazwy-11.jpg\",\"datePublished\":\"2019-07-22T21:28:31+00:00\",\"dateModified\":\"2023-06-19T13:34:27+00:00\",\"breadcrumb\":{\"@id\":\"https:\/\/petidea.pl\/terapia-behawioralna-kotow\/#breadcrumb\"},\"inLanguage\":\"en-GB\",\"potentialAction\":[{\"@type\":\"ReadAction\",\"target\":[\"https:\/\/petidea.pl\/terapia-behawioralna-kotow\/\"]}]},{\"@type\":\"ImageObject\",\"inLanguage\":\"en-GB\",\"@id\":\"https:\/\/petidea.pl\/terapia-behawioralna-kotow\/#primaryimage\",\"url\":\"https:\/\/petidea.pl\/wp-content\/uploads\/2023\/06\/Projekt-bez-nazwy-11.jpg\",\"contentUrl\":\"https:\/\/petidea.pl\/wp-content\/uploads\/2023\/06\/Projekt-bez-nazwy-11.jpg\"},{\"@type\":\"BreadcrumbList\",\"@id\":\"https:\/\/petidea.pl\/terapia-behawioralna-kotow\/#breadcrumb\",\"itemListElement\":[{\"@type\":\"ListItem\",\"position\":1,\"name\":\"Strona g\u0142\u00f3wna\",\"item\":\"https:\/\/petidea.pl\/\"},{\"@type\":\"ListItem\",\"position\":2,\"name\":\"Terapia behawioralna kot\u00f3w\"}]},{\"@type\":\"WebSite\",\"@id\":\"https:\/\/petidea.pl\/#website\",\"url\":\"https:\/\/petidea.pl\/\",\"name\":\"PetIdea\",\"description\":\"Medycyna behawioralna ps\u00f3w i kot\u00f3w\",\"publisher\":{\"@id\":\"https:\/\/petidea.pl\/#organization\"},\"potentialAction\":[{\"@type\":\"SearchAction\",\"target\":{\"@type\":\"EntryPoint\",\"urlTemplate\":\"https:\/\/petidea.pl\/?s={search_term_string}\"},\"query-input\":{\"@type\":\"PropertyValueSpecification\",\"valueRequired\":true,\"valueName\":\"search_term_string\"}}],\"inLanguage\":\"en-GB\"},{\"@type\":\"Organization\",\"@id\":\"https:\/\/petidea.pl\/#organization\",\"name\":\"PetIdea\",\"url\":\"https:\/\/petidea.pl\/\",\"logo\":{\"@type\":\"ImageObject\",\"inLanguage\":\"en-GB\",\"@id\":\"https:\/\/petidea.pl\/#\/schema\/logo\/image\/\",\"url\":\"https:\/\/petidea.pl\/wp-content\/uploads\/2021\/05\/Zasob-1.svg\",\"contentUrl\":\"https:\/\/petidea.pl\/wp-content\/uploads\/2021\/05\/Zasob-1.svg\",\"width\":4545,\"height\":1030,\"caption\":\"PetIdea\"},\"image\":{\"@id\":\"https:\/\/petidea.pl\/#\/schema\/logo\/image\/\"}}]}<\/script>\n<!-- \/ Yoast SEO plugin. -->","yoast_head_json":{"title":"Terapia behawioralna kot\u00f3w - PetIdea","robots":{"index":"index","follow":"follow","max-snippet":"max-snippet:-1","max-image-preview":"max-image-preview:large","max-video-preview":"max-video-preview:-1"},"canonical":"https:\/\/petidea.pl\/en\/terapia-behawioralna-kotow\/","og_locale":"en_GB","og_type":"article","og_title":"Terapia behawioralna kot\u00f3w - PetIdea","og_description":"Konsultacja terapeutyczna otwiera przed nami okre\u015blon\u0105 \u015bcie\u017ck\u0119, w czasie kt\u00f3rej b\u0119dziemy wsp\u00f3lnie pokonywa\u0107 trudno\u015bci oraz cieszy\u0107 si\u0119 z sukces\u00f3w. Wymaga ona cierpliwo\u015bci i czasu. Podczas tego procesu b\u0119dziemy s\u0142u\u017cy\u0107 Wam rad\u0105 i pomoc\u0105 w trakcie konsultacji kontynuacyjnych, a\u017c do osi\u0105gni\u0119cia satysfakcjonuj\u0105cych rezultat\u00f3w. Naszym celem nie jest tylko rozwi\u0105zanie bie\u017c\u0105cych problem\u00f3w zachowania, ale r\u00f3wnie\u017c zapewnienie narz\u0119dzi, [&hellip;]","og_url":"https:\/\/petidea.pl\/en\/terapia-behawioralna-kotow\/","og_site_name":"PetIdea","article_modified_time":"2023-06-19T13:34:27+00:00","og_image":[{"url":"https:\/\/petidea.pl\/wp-content\/uploads\/2023\/06\/Projekt-bez-nazwy-11.jpg","type":"","width":"","height":""}],"twitter_card":"summary_large_image","twitter_misc":{"Estimated reading time":"2 minutes"},"schema":{"@context":"https:\/\/schema.org","@graph":[{"@type":"WebPage","@id":"https:\/\/petidea.pl\/terapia-behawioralna-kotow\/","url":"https:\/\/petidea.pl\/terapia-behawioralna-kotow\/","name":"Terapia behawioralna kot\u00f3w - PetIdea","isPartOf":{"@id":"https:\/\/petidea.pl\/#website"},"primaryImageOfPage":{"@id":"https:\/\/petidea.pl\/terapia-behawioralna-kotow\/#primaryimage"},"image":{"@id":"https:\/\/petidea.pl\/terapia-behawioralna-kotow\/#primaryimage"},"thumbnailUrl":"https:\/\/petidea.pl\/wp-content\/uploads\/2023\/06\/Projekt-bez-nazwy-11.jpg","datePublished":"2019-07-22T21:28:31+00:00","dateModified":"2023-06-19T13:34:27+00:00","breadcrumb":{"@id":"https:\/\/petidea.pl\/terapia-behawioralna-kotow\/#breadcrumb"},"inLanguage":"en-GB","potentialAction":[{"@type":"ReadAction","target":["https:\/\/petidea.pl\/terapia-behawioralna-kotow\/"]}]},{"@type":"ImageObject","inLanguage":"en-GB","@id":"https:\/\/petidea.pl\/terapia-behawioralna-kotow\/#primaryimage","url":"https:\/\/petidea.pl\/wp-content\/uploads\/2023\/06\/Projekt-bez-nazwy-11.jpg","contentUrl":"https:\/\/petidea.pl\/wp-content\/uploads\/2023\/06\/Projekt-bez-nazwy-11.jpg"},{"@type":"BreadcrumbList","@id":"https:\/\/petidea.pl\/terapia-behawioralna-kotow\/#breadcrumb","itemListElement":[{"@type":"ListItem","position":1,"name":"Strona g\u0142\u00f3wna","item":"https:\/\/petidea.pl\/"},{"@type":"ListItem","position":2,"name":"Terapia behawioralna kot\u00f3w"}]},{"@type":"WebSite","@id":"https:\/\/petidea.pl\/#website","url":"https:\/\/petidea.pl\/","name":"PetIdea","description":"Medycyna behawioralna ps\u00f3w i kot\u00f3w","publisher":{"@id":"https:\/\/petidea.pl\/#organization"},"potentialAction":[{"@type":"SearchAction","target":{"@type":"EntryPoint","urlTemplate":"https:\/\/petidea.pl\/?s={search_term_string}"},"query-input":{"@type":"PropertyValueSpecification","valueRequired":true,"valueName":"search_term_string"}}],"inLanguage":"en-GB"},{"@type":"Organization","@id":"https:\/\/petidea.pl\/#organization","name":"PetIdea","url":"https:\/\/petidea.pl\/","logo":{"@type":"ImageObject","inLanguage":"en-GB","@id":"https:\/\/petidea.pl\/#\/schema\/logo\/image\/","url":"https:\/\/petidea.pl\/wp-content\/uploads\/2021\/05\/Zasob-1.svg","contentUrl":"https:\/\/petidea.pl\/wp-content\/uploads\/2021\/05\/Zasob-1.svg","width":4545,"height":1030,"caption":"PetIdea"},"image":{"@id":"https:\/\/petidea.pl\/#\/schema\/logo\/image\/"}}]}},"_links":{"self":[{"href":"https:\/\/petidea.pl\/en\/wp-json\/wp\/v2\/pages\/17","targetHints":{"allow":["GET"]}}],"collection":[{"href":"https:\/\/petidea.pl\/en\/wp-json\/wp\/v2\/pages"}],"about":[{"href":"https:\/\/petidea.pl\/en\/wp-json\/wp\/v2\/types\/page"}],"author":[{"embeddable":true,"href":"https:\/\/petidea.pl\/en\/wp-json\/wp\/v2\/users\/1"}],"replies":[{"embeddable":true,"href":"https:\/\/petidea.pl\/en\/wp-json\/wp\/v2\/comments?post=17"}],"version-history":[{"count":4,"href":"https:\/\/petidea.pl\/en\/wp-json\/wp\/v2\/pages\/17\/revisions"}],"predecessor-version":[{"id":1342,"href":"https:\/\/petidea.pl\/en\/wp-json\/wp\/v2\/pages\/17\/revisions\/1342"}],"wp:attachment":[{"href":"https:\/\/petidea.pl\/en\/wp-json\/wp\/v2\/media?parent=17"}],"curies":[{"name":"wp","href":"https:\/\/api.w.org\/{rel}","templated":true}]}}